{"id":9,"date":"2015-02-12T09:47:14","date_gmt":"2015-02-12T08:47:14","guid":{"rendered":"http:\/\/jonasuvmlyn.cz\/?page_id=9"},"modified":"2025-02-13T12:49:13","modified_gmt":"2025-02-13T11:49:13","slug":"uvod","status":"publish","type":"page","link":"https:\/\/jonasuvmlyn.cz\/","title":{"rendered":"\u00davod"},"content":{"rendered":"<p>Jon\u00e1\u0161\u016fv ml\u00fdn je kouzeln\u00e9 m\u00edsto uprost\u0159ed p\u0159\u00edrody zhruba 70 km od Prahy sm\u011brem na T\u00e1bor. Toto staven\u00ed se nach\u00e1z\u00ed uprost\u0159ed kr\u00e1sn\u00e9 p\u0159\u00edrody. Je to vhodn\u00e9 m\u00edsto pro rodinn\u00e9 v\u00fdlety, oslavy s p\u0159\u00e1teli, svatby, teambuildingy \u010di firemn\u00ed ve\u010d\u00edrky.<\/p>\n<p>Toto ubytovac\u00ed za\u0159\u00edzen\u00ed pojme i po\u010detn\u011bj\u0161\u00ed z\u00e1jmov\u00e9 skupiny. Vyhovuje po\u017eadavk\u016fm pro r\u016fzn\u00e9 sportovn\u00ed, \u0161koln\u00ed a volno\u010dasov\u00e9 akce.<\/p>\n<p>V Jon\u00e1\u0161ov\u011b ml\u00fdn\u011b na v\u00e1s d\u00fdchne dom\u00e1c\u00ed atmosf\u00e9ra. P\u0159\u00edjemn\u011b si zde odpo\u010dinete, ale tak\u00e9 si u\u017eijete plno z\u00e1bavy<\/p>\n<p>V m\u00edst\u011b je mo\u017en\u00e9 bezplatn\u011b provozovat \u0159adu sportovn\u00edch aktivit (ping pong, vyu\u017e\u00edt h\u0159i\u0161t\u011b s um\u011bl\u00fdm povrchem v obci Zho\u0159).<\/p>\n<p>Spolu s na\u0161imi partnery jsme na m\u00edst\u011b schopni zajistit tak\u00e9 kompletn\u00ed catering (komer\u010dn\u00ed nebo v dom\u00e1c\u00edm pod\u00e1n\u00ed) i nep\u0159ebern\u00e9 mno\u017estv\u00ed <a href=\"http:\/\/www.showbook.cz\/\" target=\"_blank\" rel=\"noopener noreferrer\">um\u011bleck\u00fdch vystoupen\u00ed<\/a>.<\/p>\n<p>Krom\u011b z\u00e1bavy v are\u00e1lu Jon\u00e1\u0161ova Ml\u00fdna je mo\u017en\u00e9 nav\u0161t\u00edvit \u0159adu zaj\u00edmavost\u00ed v okol\u00ed, mezi n\u011b\u017e pat\u0159\u00ed Ch\u00fdnovsk\u00e1 jeskyn\u011b, rozhledna Kov\u00e1\u0159ka, z\u0159\u00edcenina hradu \u0160elmberk nebo\u00a0legendami op\u0159eden\u00fd vrch Blan\u00edk.<\/p>\n\n\n<p>Videa ze svateb k nahl\u00e9dnut\u00ed:<\/p>\n\n\n\n<p><a rel=\"noreferrer noopener\" aria-label=\" (otev\u0159e se na nov\u00e9 z\u00e1lo\u017ece)\" href=\"https:\/\/youtu.be\/9yyV3X7RoyA\" target=\"_blank\">https:\/\/youtu.be\/9yyV3X7RoyA<\/a> &#8211; Barbora a Michal<\/p>\n\n\n\n<p><a href=\"https:\/\/youtu.be\/WQOD3U45z1g\" target=\"_blank\" rel=\"noreferrer noopener\" aria-label=\" (otev\u0159e se na nov\u00e9 z\u00e1lo\u017ece)\">https:\/\/youtu.be\/WQOD3U45z1g<\/a> &#8211; M\u00ed\u0161a a Roman<\/p>\n\n\n\n<figure class=\"wp-block-image size-large\"><a href=\"https:\/\/jonasuvmlyn.cz\/wp-content\/uploads\/2015\/08\/IMG20221013144019-scaled.jpg\"><img loading=\"lazy\" decoding=\"async\" width=\"1024\" height=\"768\" src=\"https:\/\/jonasuvmlyn.cz\/wp-content\/uploads\/2015\/08\/IMG20221013144019-1024x768.jpg\" alt=\"\" class=\"wp-image-691\" srcset=\"https:\/\/jonasuvmlyn.cz\/wp-content\/uploads\/2015\/08\/IMG20221013144019-1024x768.jpg 1024w, https:\/\/jonasuvmlyn.cz\/wp-content\/uploads\/2015\/08\/IMG20221013144019-300x225.jpg 300w, https:\/\/jonasuvmlyn.cz\/wp-content\/uploads\/2015\/08\/IMG20221013144019-768x576.jpg 768w, https:\/\/jonasuvmlyn.cz\/wp-content\/uploads\/2015\/08\/IMG20221013144019-1536x1152.jpg 1536w, https:\/\/jonasuvmlyn.cz\/wp-content\/uploads\/2015\/08\/IMG20221013144019-2048x1536.jpg 2048w\" sizes=\"auto, (max-width: 1024px) 100vw, 1024px\" \/><\/a><\/figure>\n","protected":false},"excerpt":{"rendered":"<p>Jon\u00e1\u0161\u016fv ml\u00fdn je kouzeln\u00e9 m\u00edsto uprost\u0159ed p\u0159\u00edrody zhruba 70 km od Prahy sm\u011brem na T\u00e1bor. Toto staven\u00ed se nach\u00e1z\u00ed uprost\u0159ed kr\u00e1sn\u00e9 p\u0159\u00edrody. Je to vhodn\u00e9 m\u00edsto pro rodinn\u00e9 v\u00fdlety, oslavy s p\u0159\u00e1teli, svatby, teambuildingy \u010di firemn\u00ed ve\u010d\u00edrky. Toto ubytovac\u00ed za\u0159\u00edzen\u00ed&hellip; <\/p>\n","protected":false},"author":1,"featured_media":621,"parent":0,"menu_order":1,"comment_status":"open","ping_status":"closed","template":"","meta":{"footnotes":""},"class_list":["post-9","page","type-page","status-publish","has-post-thumbnail","hentry"],"_links":{"self":[{"href":"https:\/\/jonasuvmlyn.cz\/index.php?rest_route=\/wp\/v2\/pages\/9","targetHints":{"allow":["GET"]}}],"collection":[{"href":"https:\/\/jonasuvmlyn.cz\/index.php?rest_route=\/wp\/v2\/pages"}],"about":[{"href":"https:\/\/jonasuvmlyn.cz\/index.php?rest_route=\/wp\/v2\/types\/page"}],"author":[{"embeddable":true,"href":"https:\/\/jonasuvmlyn.cz\/index.php?rest_route=\/wp\/v2\/users\/1"}],"replies":[{"embeddable":true,"href":"https:\/\/jonasuvmlyn.cz\/index.php?rest_route=%2Fwp%2Fv2%2Fcomments&post=9"}],"version-history":[{"count":32,"href":"https:\/\/jonasuvmlyn.cz\/index.php?rest_route=\/wp\/v2\/pages\/9\/revisions"}],"predecessor-version":[{"id":849,"href":"https:\/\/jonasuvmlyn.cz\/index.php?rest_route=\/wp\/v2\/pages\/9\/revisions\/849"}],"wp:featuredmedia":[{"embeddable":true,"href":"https:\/\/jonasuvmlyn.cz\/index.php?rest_route=\/wp\/v2\/media\/621"}],"wp:attachment":[{"href":"https:\/\/jonasuvmlyn.cz\/index.php?rest_route=%2Fwp%2Fv2%2Fmedia&parent=9"}],"curies":[{"name":"wp","href":"https:\/\/api.w.org\/{rel}","templated":true}]}}